{"id":17297,"date":"2024-06-18T10:11:50","date_gmt":"2024-06-18T08:11:50","guid":{"rendered":"https:\/\/wagner-arbitration.com\/impressum\/"},"modified":"2025-08-20T16:44:58","modified_gmt":"2025-08-20T14:44:58","slug":"impressum","status":"publish","type":"page","link":"https:\/\/wagner-arbitration.com\/de\/impressum\/","title":{"rendered":"Impressum"},"content":{"rendered":"<p><strong>Informationen gem\u00e4\u00df \u00a7 5 Digitale-Dienste-Gesetz \u2013 DDG<\/strong><\/p>\n<p>&nbsp;<\/p>\n<h5>Anbieter<\/h5>\n<p>WAGNER Arbitration Partnerschaft von Rechtsanw\u00e4lten mbB<\/p>\n<p>Dr. Philipp K. Wagner, LL.M. (Emory)<br \/>\nRechtsanwalt | Attorney-at-Law (New York)<\/p>\n<p>Dr. Joseph Schwartz<br \/>\nRechtsanwalt<\/p>\n<p>Dr. Florian Dupuy, LL.M.<br \/>\nRechtsanwalt, Avocat \u00e0 la Cour<\/p>\n<p>Hegelplatz 1<br \/>\n10117 Berlin<\/p>\n<p>Telefon: +49 30 225027600<br \/>\nFax: +49 30 225027609<br \/>\nE-Mail: <a href=\"mailto:pw@wagner-arbitration.com\">pw@wagner-arbitration.com<\/a> | <a href=\"mailto:js@wagner-arbitration.com\">js@wagner-arbitration.com<\/a> | <a href=\"mailto:fd@wagner-arbitration.com\">fd@wagner-arbitration.com<\/a><\/p>\n<p>Die Kanzlei hat ihren Sitz in Berlin. Soweit nicht anders angegeben, sind alle Rechtsanw\u00e4lte in Deutschland zugelassen.<\/p>\n<p>Zus\u00e4tzliche Zulassung (Dr. Philipp Wagner, LL.M.): New York (www.nysba.org)<\/p>\n<h5>Aufsichtsbeh\u00f6rden<\/h5>\n<p>Rechtsanwaltskammer Berlin<br \/>\nLittenstra\u00dfe 9, 10179 Berlin, Germany<br \/>\nTel: +49 (30) 30 69 31-0<br \/>\nFax: +49 (30) 30 69 31 99<br \/>\nE-Mail: info@rak-berlin.de<br \/>\nwww.rak-berlin.de<\/p>\n<p>Die standesrechtlichen Vorschriften sind auf der Webseite der Bundesrechtsanwaltskammer (www.brak.de) abrufbar.<\/p>\n<h5>Berufshaftpflichtversicherung<\/h5>\n<p>Die Berufshaftpflichtversicherung besteht bei der Allianz Versicherungs-AG in 10900 Berlin.<\/p>\n<h5>Verbraucherschlichtungsstelle<\/h5>\n<p>Die zust\u00e4ndige Verbraucherschlichtungsstelle f\u00fcr Streitigkeiten aus einem Mandatsverh\u00e4ltnis ist die Schlichtungsstelle der Rechtsanwaltschaft, Neue Gr\u00fcnstra\u00dfe 17, 10179 Berlin, www.schlichtungsstelle-der-rechtsanwaltschaft.de.<\/p>\n<p>Wir sind nicht verpflichtet an einem Verfahren vor einer Verbraucherschlichtungsstelle teilzunehmen und nehmen daran nicht teil.<\/p>\n<h5>Haftung f\u00fcr Inhalte und Links<\/h5>\n<p>Sofern diese Seiten Links zu externen Webseiten Dritter enthalten oder auf diese Bezug nehmen, \u00fcbernimmt WAGNER Arbitration f\u00fcr deren Inhalte, auf die er keinen Einfluss hat, keine Gew\u00e4hr. Bei Bekanntwerden von entsprechenden Rechtsverletzungen werden diese Inhalte umgehend entfernt. Die auf dieser Webseite enthaltenen Informationen und Beitr\u00e4ge stellen keine Rechtsberatung dar.<\/p>\n<h5>Konzept, Layout und Programmierung<\/h5>\n<p class=\"p1\"><a href=\"https:\/\/cobrand.de\/\"><span class=\"s3\">COBRAND<\/span><\/a><\/p>\n","protected":false},"excerpt":{"rendered":"<p>Informationen gem\u00e4\u00df \u00a7 5 Digitale-Dienste-Gesetz \u2013 DDG &nbsp; Anbieter WAGNER Arbitration Partnerschaft von Rechtsanw\u00e4lten mbB Dr. Philipp K. Wagner, LL.M. (Emory) Rechtsanwalt | Attorney-at-Law (New York) Dr. Joseph Schwartz Rechtsanwalt Dr. Florian Dupuy, LL.M. Rechtsanwalt, Avocat \u00e0 la Cour Hegelplatz 1 10117 Berlin Telefon: +49 30 225027600 Fax: +49 30 225027609 E-Mail: pw@wagner-arbitration.com | js@wagner-arbitration.com [&hellip;]<\/p>\n","protected":false},"author":1,"featured_media":0,"parent":0,"menu_order":5,"comment_status":"closed","ping_status":"closed","template":"","meta":{"_acf_changed":false,"footnotes":""},"class_list":["post-17297","page","type-page","status-publish","hentry"],"acf":[],"yoast_head":"<!-- This site is optimized with the Yoast SEO plugin v22.1 - https:\/\/yoast.com\/wordpress\/plugins\/seo\/ -->\n<title>Impressum | WAGNER Arbitration Berlin | Dr. Philipp K. Wagner, Dr. Joseph Schwartz<\/title>\n<meta name=\"description\" content=\"Dr. Philipp K. Wagner ist Rechtsanwalt in Berlin, auf Schiedsverfahren und internationales Wirtschaftsrecht spezialisiert und als Mediator qualifiziert.\" \/>\n<meta name=\"robots\" content=\"index, follow, max-snippet:-1, max-image-preview:large, max-video-preview:-1\" \/>\n<link rel=\"canonical\" href=\"https:\/\/wagner-arbitration.com\/de\/impressum\/\" \/>\n<meta property=\"og:locale\" content=\"de_DE\" \/>\n<meta property=\"og:type\" content=\"article\" \/>\n<meta property=\"og:title\" content=\"Impressum | WAGNER Arbitration Berlin | Dr. Philipp K. Wagner, Dr. Joseph Schwartz\" \/>\n<meta property=\"og:description\" content=\"Dr. Philipp K. Wagner ist Rechtsanwalt in Berlin, auf Schiedsverfahren und internationales Wirtschaftsrecht spezialisiert und als Mediator qualifiziert.\" \/>\n<meta property=\"og:url\" content=\"https:\/\/wagner-arbitration.com\/de\/impressum\/\" \/>\n<meta property=\"og:site_name\" content=\"WAGNER Arbitration Berlin | Dr. Philipp K. Wagner, Dr. Joseph Schwartz\" \/>\n<meta property=\"article:modified_time\" content=\"2025-08-20T14:44:58+00:00\" \/>\n<meta property=\"og:image\" content=\"https:\/\/wagner-arbitration.com\/wp-content\/uploads\/2023\/08\/Wagner-Arbitration-Preview.jpg\" \/>\n\t<meta property=\"og:image:width\" content=\"1524\" \/>\n\t<meta property=\"og:image:height\" content=\"1136\" \/>\n\t<meta property=\"og:image:type\" content=\"image\/jpeg\" \/>\n<meta name=\"twitter:card\" content=\"summary_large_image\" \/>\n<meta name=\"twitter:label1\" content=\"Gesch\u00e4tzte Lesezeit\" \/>\n\t<meta name=\"twitter:data1\" content=\"1\u00a0Minute\" \/>\n<script type=\"application\/ld+json\" class=\"yoast-schema-graph\">{\"@context\":\"https:\/\/schema.org\",\"@graph\":[{\"@type\":\"WebPage\",\"@id\":\"https:\/\/wagner-arbitration.com\/de\/impressum\/\",\"url\":\"https:\/\/wagner-arbitration.com\/de\/impressum\/\",\"name\":\"Impressum | WAGNER Arbitration Berlin | Dr. Philipp K. Wagner, Dr. Joseph Schwartz\",\"isPartOf\":{\"@id\":\"https:\/\/wagner-arbitration.com\/de\/#website\"},\"datePublished\":\"2024-06-18T08:11:50+00:00\",\"dateModified\":\"2025-08-20T14:44:58+00:00\",\"description\":\"Dr. Philipp K. Wagner ist Rechtsanwalt in Berlin, auf Schiedsverfahren und internationales Wirtschaftsrecht spezialisiert und als Mediator qualifiziert.\",\"inLanguage\":\"de\",\"potentialAction\":[{\"@type\":\"ReadAction\",\"target\":[\"https:\/\/wagner-arbitration.com\/de\/impressum\/\"]}]},{\"@type\":\"WebSite\",\"@id\":\"https:\/\/wagner-arbitration.com\/de\/#website\",\"url\":\"https:\/\/wagner-arbitration.com\/de\/\",\"name\":\"WAGNER Arbitration Berlin | Dr. Philipp K. Wagner, Dr. Joseph Schwartz\",\"description\":\"Die Rechtsanwaltskanzlei WAGNER Arbitration ist auf Streitbeilegung mit Schwerpunkt Schiedsgerichtsbarkeit sowie Wirtschaftsrecht spezialisiert\",\"publisher\":{\"@id\":\"https:\/\/wagner-arbitration.com\/de\/#organization\"},\"potentialAction\":[{\"@type\":\"SearchAction\",\"target\":{\"@type\":\"EntryPoint\",\"urlTemplate\":\"https:\/\/wagner-arbitration.com\/de\/?s={search_term_string}\"},\"query-input\":\"required name=search_term_string\"}],\"inLanguage\":\"de\"},{\"@type\":\"Organization\",\"@id\":\"https:\/\/wagner-arbitration.com\/de\/#organization\",\"name\":\"WAGNER Arbitration Berlin\",\"url\":\"https:\/\/wagner-arbitration.com\/de\/\",\"logo\":{\"@type\":\"ImageObject\",\"inLanguage\":\"de\",\"@id\":\"https:\/\/wagner-arbitration.com\/de\/#\/schema\/logo\/image\/\",\"url\":\"https:\/\/wagner-arbitration.com\/wp-content\/uploads\/2023\/08\/Wagner-Arbitration-Preview.jpg\",\"contentUrl\":\"https:\/\/wagner-arbitration.com\/wp-content\/uploads\/2023\/08\/Wagner-Arbitration-Preview.jpg\",\"width\":1524,\"height\":1136,\"caption\":\"WAGNER Arbitration Berlin\"},\"image\":{\"@id\":\"https:\/\/wagner-arbitration.com\/de\/#\/schema\/logo\/image\/\"},\"sameAs\":[\"https:\/\/www.linkedin.com\/company\/wagner-arbitration\/?originalSubdomain=de\"]}]}<\/script>\n<!-- \/ Yoast SEO plugin. -->","yoast_head_json":{"title":"Impressum | WAGNER Arbitration Berlin | Dr. Philipp K. Wagner, Dr. Joseph Schwartz","description":"Dr. Philipp K. Wagner ist Rechtsanwalt in Berlin, auf Schiedsverfahren und internationales Wirtschaftsrecht spezialisiert und als Mediator qualifiziert.","robots":{"index":"index","follow":"follow","max-snippet":"max-snippet:-1","max-image-preview":"max-image-preview:large","max-video-preview":"max-video-preview:-1"},"canonical":"https:\/\/wagner-arbitration.com\/de\/impressum\/","og_locale":"de_DE","og_type":"article","og_title":"Impressum | WAGNER Arbitration Berlin | Dr. Philipp K. Wagner, Dr. Joseph Schwartz","og_description":"Dr. Philipp K. Wagner ist Rechtsanwalt in Berlin, auf Schiedsverfahren und internationales Wirtschaftsrecht spezialisiert und als Mediator qualifiziert.","og_url":"https:\/\/wagner-arbitration.com\/de\/impressum\/","og_site_name":"WAGNER Arbitration Berlin | Dr. Philipp K. Wagner, Dr. Joseph Schwartz","article_modified_time":"2025-08-20T14:44:58+00:00","og_image":[{"width":1524,"height":1136,"url":"https:\/\/wagner-arbitration.com\/wp-content\/uploads\/2023\/08\/Wagner-Arbitration-Preview.jpg","type":"image\/jpeg"}],"twitter_card":"summary_large_image","twitter_misc":{"Gesch\u00e4tzte Lesezeit":"1\u00a0Minute"},"schema":{"@context":"https:\/\/schema.org","@graph":[{"@type":"WebPage","@id":"https:\/\/wagner-arbitration.com\/de\/impressum\/","url":"https:\/\/wagner-arbitration.com\/de\/impressum\/","name":"Impressum | WAGNER Arbitration Berlin | Dr. Philipp K. Wagner, Dr. Joseph Schwartz","isPartOf":{"@id":"https:\/\/wagner-arbitration.com\/de\/#website"},"datePublished":"2024-06-18T08:11:50+00:00","dateModified":"2025-08-20T14:44:58+00:00","description":"Dr. Philipp K. Wagner ist Rechtsanwalt in Berlin, auf Schiedsverfahren und internationales Wirtschaftsrecht spezialisiert und als Mediator qualifiziert.","inLanguage":"de","potentialAction":[{"@type":"ReadAction","target":["https:\/\/wagner-arbitration.com\/de\/impressum\/"]}]},{"@type":"WebSite","@id":"https:\/\/wagner-arbitration.com\/de\/#website","url":"https:\/\/wagner-arbitration.com\/de\/","name":"WAGNER Arbitration Berlin | Dr. Philipp K. Wagner, Dr. Joseph Schwartz","description":"Die Rechtsanwaltskanzlei WAGNER Arbitration ist auf Streitbeilegung mit Schwerpunkt Schiedsgerichtsbarkeit sowie Wirtschaftsrecht spezialisiert","publisher":{"@id":"https:\/\/wagner-arbitration.com\/de\/#organization"},"potentialAction":[{"@type":"SearchAction","target":{"@type":"EntryPoint","urlTemplate":"https:\/\/wagner-arbitration.com\/de\/?s={search_term_string}"},"query-input":"required name=search_term_string"}],"inLanguage":"de"},{"@type":"Organization","@id":"https:\/\/wagner-arbitration.com\/de\/#organization","name":"WAGNER Arbitration Berlin","url":"https:\/\/wagner-arbitration.com\/de\/","logo":{"@type":"ImageObject","inLanguage":"de","@id":"https:\/\/wagner-arbitration.com\/de\/#\/schema\/logo\/image\/","url":"https:\/\/wagner-arbitration.com\/wp-content\/uploads\/2023\/08\/Wagner-Arbitration-Preview.jpg","contentUrl":"https:\/\/wagner-arbitration.com\/wp-content\/uploads\/2023\/08\/Wagner-Arbitration-Preview.jpg","width":1524,"height":1136,"caption":"WAGNER Arbitration Berlin"},"image":{"@id":"https:\/\/wagner-arbitration.com\/de\/#\/schema\/logo\/image\/"},"sameAs":["https:\/\/www.linkedin.com\/company\/wagner-arbitration\/?originalSubdomain=de"]}]}},"_links":{"self":[{"href":"https:\/\/wagner-arbitration.com\/de\/wp-json\/wp\/v2\/pages\/17297","targetHints":{"allow":["GET"]}}],"collection":[{"href":"https:\/\/wagner-arbitration.com\/de\/wp-json\/wp\/v2\/pages"}],"about":[{"href":"https:\/\/wagner-arbitration.com\/de\/wp-json\/wp\/v2\/types\/page"}],"author":[{"embeddable":true,"href":"https:\/\/wagner-arbitration.com\/de\/wp-json\/wp\/v2\/users\/1"}],"replies":[{"embeddable":true,"href":"https:\/\/wagner-arbitration.com\/de\/wp-json\/wp\/v2\/comments?post=17297"}],"version-history":[{"count":7,"href":"https:\/\/wagner-arbitration.com\/de\/wp-json\/wp\/v2\/pages\/17297\/revisions"}],"predecessor-version":[{"id":18328,"href":"https:\/\/wagner-arbitration.com\/de\/wp-json\/wp\/v2\/pages\/17297\/revisions\/18328"}],"wp:attachment":[{"href":"https:\/\/wagner-arbitration.com\/de\/wp-json\/wp\/v2\/media?parent=17297"}],"curies":[{"name":"wp","href":"https:\/\/api.w.org\/{rel}","templated":true}]}}