{"id":17299,"date":"2024-06-18T10:33:00","date_gmt":"2024-06-18T08:33:00","guid":{"rendered":"https:\/\/wagner-arbitration.com\/datenschutzbestimmungen\/"},"modified":"2024-06-28T10:19:24","modified_gmt":"2024-06-28T08:19:24","slug":"datenschutzbestimmungen","status":"publish","type":"page","link":"https:\/\/wagner-arbitration.com\/de\/datenschutzbestimmungen\/","title":{"rendered":"Datenschutzbestimmungen"},"content":{"rendered":"<p>Ihre Privatsph\u00e4re sowie die Vertraulichkeit Ihrer Daten sind f\u00fcr uns von besonderer Bedeutung. Aus diesem Grund verzichten wir bewusst auf weitreichende Trackingtools und Analysen \u00fcber die Besucher unserer Internetseite. Zugleich erfordert es die Technik, dass bestimmte Daten erhoben und verarbeitet werden, wenn Sie diese Seite besuchen oder mit uns in Kontakt treten.  <\/p>\n<p>In diesen Datenschutzbestimmungen wird geregelt, welche personenbezogenen Daten aufgrund welcher Rechtsgrundlage wir \u00fcber Sie erheben und verarbeiten, zu welchem Zweck wir dies tun und auf welche Weise. Dar\u00fcber hinaus informieren wir Sie \u00fcber Ihre in diesem Zusammenhang bestehenden Rechte und die Dauer der Speicherung. Bitte lesen Sie daher die nachfolgenden Ausf\u00fchrungen sorgf\u00e4ltig durch.  <\/p>\n<p>&nbsp;<\/p>\n<h5>Kontakt des f\u00fcr die Verarbeitung Verantwortlichen<\/h5>\n<p>WAGNER Arbitration Partnerschaft von Rechtsanw\u00e4lten mbB, Hegelplatz 1, 10117 Berlin (im Folgenden:<strong>wir<\/strong>\u201e) ist als Betreiber der Website www.wagner-arbitration.com Verantwortlicher f\u00fcr die Verarbeitung personenbezogener Daten der Nutzer (Im Folgenden: \u201e<strong>Sie<\/strong>\u201e) der Website im Sinne der Datenschutz-Grundverordnung (\u201e<strong>DSGVO<\/strong>\u201e) und des Bundesdatenschutzgesetzes-neu (\u201e<strong>BDSG-neu<\/strong>\u201c).<\/p>\n<p>&nbsp;<\/p>\n<h5>Kontakt Datenschutzbeauftragter<\/h5>\n<p>Bei Fragen zum Datenschutzrecht oder Ihren Betroffenenrechten k\u00f6nnen Sie sich jederzeit an unseren Datenschutzbeauftragten wenden. Dieser ist unter o.g. genannter Anschrift, zu Hd. Datenschutzbeauftragter bzw. unter fk@wagner-arbitration.com erreichbar.<\/p>\n<p>&nbsp;<\/p>\n<h5>Allgemeine Hinweise, personenbezogene Daten<\/h5>\n<p>Wir sch\u00fctzen Ihre Privatsph\u00e4re und Ihre privaten Daten. Wir verarbeiten Ihre personenbezogenen Daten in \u00dcbereinstimmung mit dem Inhalt dieser Datenschutzbestimmungen sowie der DSGVO und dem BDSG-neu und nur, soweit dies zur Bereitstellung einer funktionsf\u00e4higen Website sowie unserer Inhalte und Leistungen erforderlich ist. <\/p>\n<p>Personenbezogene Daten im Sinne dieser Datenschutzerkl\u00e4rung sind alle Daten, mit denen Sie pers\u00f6nlich identifiziert werden k\u00f6nnen. Hierzu z\u00e4hlen z.B. Ihr Name und Ihre E-Mail-Adresse. <\/p>\n<p>Zu den personenbezogenen Daten z\u00e4hlen au\u00dferdem Informationen \u00fcber Ihre Nutzung unserer Website. Hierzu z\u00e4hlen beispielsweise Informationen \u00fcber den Ort, von dem aus Sie Daten von unserer Website abrufen oder der Umfang des Datentransfers. Die Verarbeitung dieser Daten erfolgt in der Regel durch die Verwendung von Server-Log-Dateien und Cookies. N\u00e4here Informationen \u00fcber Server-Log-Dateien und Cookies erhalten Sie unter \u00a7 6 und \u00a7 7.   <\/p>\n<p>&nbsp;<\/p>\n<h5>Dauer der Speicherung<\/h5>\n<p>Wir l\u00f6schen oder sperren Ihre Daten, sobald der jeweilige Zweck der Speicherung entf\u00e4llt. Es kann jedoch vorkommen, dass der europ\u00e4ische oder nationale Gesetzgeber eine l\u00e4ngere Speicherdauer verlangt. In diesen F\u00e4llen werden die Daten erst gel\u00f6scht oder gesperrt, wenn die entsprechende Speicherfrist abgelaufen ist.  <\/p>\n<p>&nbsp;<\/p>\n<h5>Weitergabe Ihrer personenbezogenen Daten an Dritte<\/h5>\n<p>Wir geben Ihre personenbezogenen Daten nicht an Dritte weiter, es sei denn, Sie haben in die Datenweitergabe eingewilligt oder wir sind aufgrund gesetzlicher Bestimmungen und\/oder beh\u00f6rdlicher oder gerichtlicher Anordnungen zu einer Datenweitergabe berechtigt oder verpflichtet. Dabei kann es sich insbesondere um die Auskunftserteilung f\u00fcr Zwecke der Strafverfolgung, zur Gefahrenabwehr oder zur Durchsetzung geistiger Eigentumsrechte handeln. <\/p>\n<p>&nbsp;<\/p>\n<h5>Besuch unserer Website<\/h5>\n<p>Unsere Website wird von der Strato AG, Pascalstra\u00dfe 10, 10587 Berlin gehostet. Wir bedienen uns dieses Providers im Wege der Auftragsverarbeitung gem. Art. 28 DSGVO. Die Server der Strato AG befinden sich ausschlie\u00dflich in Deutschland. Die Strato AG verpflichtet sich, die Vorschriften der DSGVO zu beachten und einen entsprechenden Datenschutz zu gew\u00e4hrleisten. Weitere Informationen k\u00f6nnen Sie den Datenschutzhinweisen der Strato AG entnehmen: www.strato.de\/datenschutz.    <\/p>\n<p>Jedes Mal, wenn Sie unsere Website besuchen, sendet Ihr Browser automatisch bestimmte Informationen an den Server unserer Website. Diese Informationen werden unter dem Begriff \u201eServer-Log-Dateien\u201c oder auch \u201eLogfiles\u201c zusammengefasst. <\/p>\n<p>Hierzu z\u00e4hlen:<\/p>\n<ul>\n<li>die IP-Adresse Ihres Endger\u00e4ts,<\/li>\n<li>der von Ihnen verwendete Browsertyp (Firefox, Google Chrome, etc.) und dessen Version,<\/li>\n<li>die Anfrage Ihres Browsers,<\/li>\n<li>die Zeit dieser Anfrage,<\/li>\n<li>den Status der Anfrage,<\/li>\n<li>die \u00fcbertragene Datenmenge im Rahmen dieser Anfrage und<\/li>\n<li>die URL der Website, von der aus Sie auf unsere Website gelangt sind (sog. Referrer-URL)<\/li>\n<\/ul>\n<p>Rechtsgrundlage hierf\u00fcr ist Art. 6 Abs. 1 S. 1 lit. f DSGVO. Der Betreiber einer Website hat ein berechtigtes Interesse an der Speicherung dieser Daten, da er diese ben\u00f6tigt, um den Verbindungsaufbau zu erm\u00f6glichen, Fehler der Website festzustellen und zu beseitigen und etwaige rechtswidrige Angriffe hierauf notfalls verfolgen zu k\u00f6nnen. Der Zweck dieser Datenverarbeitung folgt aus dem genannten berechtigten Interesse.     <\/p>\n<p>Diese Daten werden maximal sieben Tage lange gespeichert. Danach werden sie automatisch l\u00f6scht. <\/p>\n<p>&nbsp;<\/p>\n<h5>Verwendung von Cookies<\/h5>\n<p>Wir verwenden auf unserer Website sog. Cookies. Dies sind kleine Textdateien, die auf Ihrem Endger\u00e4t gespeichert werden und die bestimmte Einstellungen und Daten zum Austausch mit unserem System \u00fcber Ihren Browser speichern. <\/p>\n<p>Ein Cookie enth\u00e4lt in der Regel den Namen der Domain, von der die Cookie-Daten gesendet wurden sowie Informationen \u00fcber das Alter des Cookies und ein alphanumerisches Identifizierungszeichen. Cookies erm\u00f6glichen unseren Systemen, das Ger\u00e4t des Nutzers zu erkennen und eventuelle Voreinstellungen, wie zum Beispiel die Spracheinstellungen, sofort verf\u00fcgbar zu machen. Sobald ein Nutzer auf die Website zugreift, wird ein Cookie auf die Festplatte des Endger\u00e4ts des jeweiligen Nutzers \u00fcbermittelt.  <\/p>\n<p>Die Rechtsgrundlage f\u00fcr die Verarbeitung personenbezogener Daten unter Verwendung von Cookies ist Art. 6 Abs. 1 S.1 lit. f DSGVO, da wir ein berechtigtes Interesse daran haben, die Funktionsweise und Nutzerfreundlichkeit unserer Website zu verbessern.  <\/p>\n<p>Die Daten, die wir durch den Einsatz technisch notwendiger Cookies verarbeiten, nutzen wir, um die Auslastung unserer Website feststellen zu k\u00f6nnen.<\/p>\n<p>Die Speicherdauer variiert je nachdem, ob es sich bei den Cookies um sog. Session-Cookies oder tempor\u00e4re Cookies handelt. Session-Cookies werden automatisch gel\u00f6scht, nachdem Sie unsere Website verlassen haben. Tempor\u00e4re Cookies werden f\u00fcr einen bestimmten festgelegten Zeitraum auf Ihrem Endger\u00e4t gespeichert.  <\/p>\n<p>Sie haben als Nutzer die volle Kontrolle \u00fcber die Verwendung von Cookies und die so verarbeiteten Daten. Sollten Sie eine Verwendung von Cookies nicht w\u00fcnschen, k\u00f6nnen Sie Ihren Browser so einstellen, dass eine Speicherung von Cookies nicht akzeptiert wird. Bitte beachten Sie, dass Sie unsere Website in diesem Fall gegebenenfalls nur eingeschr\u00e4nkt oder gar nicht nutzen k\u00f6nnen.  <\/p>\n<p>&nbsp;<\/p>\n<h5>Contact<\/h5>\n<p>Sie haben die M\u00f6glichkeit, uns zu kontaktieren, indem Sie uns \u00fcber eine der beiden auf der Website hinterlegten E-Mail-Adressen eine E-Mail schicken. In diesem Fall verarbeiten wir die an uns \u00fcbermittelten Daten wie beispielsweise Ihre E-Mail-Adresse. <\/p>\n<p>Die Verarbeitung dieser Daten erfolgt auf Grundlage von Art. 6 Abs. 1 S.1 lit. f DSGVO. Sie dient unserem berechtigten Interesse, Anfragen von Nutzern unserer Website zu erhalten und auf diesem Wege unter Umst\u00e4nden mit potentiellen Mandanten in Kontakt zu treten. Der Zweck diese Art der Datenverarbeitung folgt aus dem genannten berechtigten Interesse.    <\/p>\n<p>&nbsp;<\/p>\n<h5>Google Maps<\/h5>\n<p>Unsere Website nutzt Google Maps API Anwendungen. Dies ist ein Dienst der Google LLC, 1600 Amphitheatre Parkway, Mountain View, CA 94043, USA. Wenn Sie unsere Website besuchen, wird dadurch Ihre IP-Adresse an einen Server von Google in den USA \u00fcbermittelt und dort gespeichert.  <\/p>\n<p>Rechtsgrundlage f\u00fcr die Verarbeitung Ihrer IP-Adresse zum Zwecke der Darstellung der interaktiven Karte von Google Maps ist Art. 6 Abs. 1 S.1 lit. f DSGVO. Wir haben ein berechtigtes Interesse daran, Ihnen unseren Standort auf Google Maps anzeigen zu lassen und Ihnen somit das Auffinden unserer Kanzlei zu erleichtern. Der Zweck dieser Art der Datenverarbeitung folgt aus diesem Interesse.    <\/p>\n<p>In welchem Umfang und zu welchem Zweck Google Ihre Daten nutzt, k\u00f6nnen Sie der Datenschutzerkl\u00e4rung von Google entnehmen: https:\/\/www.google.com\/intl\/de\/policies\/privacy\/.<\/p>\n<p>&nbsp;<\/p>\n<h5>Xing, LinkedIn, und Instagram<\/h5>\n<p>Bei den auf unserer Website verwendeten Symbolen f\u00fcr Xing, LinkedIn und Instagram handelt es sich nicht um sog. \u201eSocial Plugins\u201c, sondern um reine Links auf die Website des jeweiligen Netzwerks. Durch Ihren Besuch auf unserer Website wird daher keine Verbindung zu den Servern dieser Netzwerke aufgebaut. <\/p>\n<p>Wenn Sie einem Link zu einer dieser Websites folgen, beachten Sie bitte, dass wir keine Verantwortung oder Gew\u00e4hr f\u00fcr fremde Inhalte oder Datenschutzbedingungen \u00fcbernehmen k\u00f6nnen. Bitte vergewissern Sie sich \u00fcber die jeweils geltenden Datenschutzbestimmungen, bevor Sie personenbezogene Daten an diese Websites \u00fcbermitteln. <\/p>\n<p><strong> <\/strong><\/p>\n<h5>Datensicherheit<\/h5>\n<p>Um die Vertraulichkeit und Integrit\u00e4t der von Ihnen \u00fcbermittelten Daten zu gew\u00e4hrleisten, bedienen wir uns des Codierungssystems Secure Sockets Layer (SSL), das eine Verschl\u00fcsselung Ihrer Daten erm\u00f6glicht. Zudem sichern wir unsere Website und sonstigen Systeme durch geeignete technische und organisatorische Ma\u00dfnahmen gegen Verlust, Zerst\u00f6rung, Zugriff, Ver\u00e4nderung oder Verbreitung Ihrer Daten durch unbefugte Personen ab. <\/p>\n<p>&nbsp;<\/p>\n<h5>Ihre Rechte und Kontakt<\/h5>\n<p>(1) Recht auf Widerruf Ihrer Einwilligungserkl\u00e4rung gem. Art. 7 Abs. 3 DSGVO: In den F\u00e4llen, in denen die Verarbeitung Ihrer personenbezogenen Daten nur mit Ihrer Einwilligung m\u00f6glich ist, k\u00f6nnen Sie diese Einwilligung jederzeit f\u00fcr die Zukunft widerrufen. \u201eF\u00fcr die Zukunft\u201c bedeutet, dass Ihr Widerruf keine Auswirkungen auf die Verarbeitung von Daten hat, die wir zwischen der Erteilung Ihrer Einwilligung und Ihrem Widerruf vorgenommen haben. Sie m\u00fcssen Ihren Widerruf nicht begr\u00fcnden. Eine formlose Mitteilung per E-Mail an fk@wagner-arbitration.com reicht aus.     <\/p>\n<p>(2) Auskunftsrecht gem. Art. 15 DSGVO: Sie k\u00f6nnen von uns jederzeit eine Best\u00e4tigung verlangen, ob wir personenbezogene Daten verarbeiten, die Sie betreffen. In diesem Fall haben Sie das Recht, Auskunft zu verlangen \u00fcber:  <\/p>\n<ul>\n<li>Die Zwecke, zu denen wir Ihre personenbezogenen Daten verarbeiten,<\/li>\n<li>die Kategorien der personenbezogenen Daten, die wir verarbeiten,<\/li>\n<li>die Empf\u00e4nger oder Kategorien von Empf\u00e4ngern, gegen\u00fcber denen wir die Daten offengelegt haben oder noch offenlegen werden,<\/li>\n<li>die Speicherdauer (soweit m\u00f6glich),<\/li>\n<li>das Bestehen eines Rechts auf Berichtigung, L\u00f6schung oder Einschr\u00e4nkung der Verarbeitung durch uns, sowie das Bestehen eines Widerspruchsrechts gegen diese Verarbeitung,<\/li>\n<li>das Bestehen eines Beschwerderechts bei einer Aufsichtsbeh\u00f6rde,<\/li>\n<li>die Herkunft Ihrer Daten, soweit diese nicht von uns erhoben wurden,<\/li>\n<li>das Bestehen einer automatisierten Entscheidungsfindung einschlie\u00dflich Profiling und ggf. detaillierte Informationen bzgl. involvierter Logik, Tragweite und Auswirkungen einer solchen Verarbeitung.<\/li>\n<\/ul>\n<p>Zu diesem Zweck und\/oder um n\u00e4here Informationen hier\u00fcber zu erhalten, wenden Sie sich an uns \u00fcber fk@wagner-arbitration.com. Sollten Sie Fragen, Kommentare oder Anfragen bez\u00fcglich der Verarbeitung Ihrer personenbezogenen Daten haben, wenden Sie sich bitte ebenfalls an uns unter den angegebenen Kontaktdaten. <\/p>\n<p>(3) Recht auf Berichtigung gem. Art. 16 DSGVO: Sie k\u00f6nnen Ihre personenbezogenen Daten jederzeit kostenlos einsehen und gegebenenfalls deren Berichtigung und Erg\u00e4nzung verlangen. <\/p>\n<p>Zu diesem Zweck und\/oder um n\u00e4here Informationen hier\u00fcber zu erhalten, wenden Sie sich an uns \u00fcber fk@wagner-arbitration.com. Sollten Sie Fragen, Kommentare oder Anfragen bez\u00fcglich der Verarbeitung Ihrer personenbezogenen Daten haben, wenden Sie sich bitte ebenfalls an uns unter den angegebenen Kontaktdaten. <\/p>\n<p>(4) Recht auf L\u00f6schung gem. Art. 17 DSGVO: Sie k\u00f6nnen Ihre personenbezogenen Daten jederzeit kostenlos einsehen und L\u00f6schung verlangen, wenn: <\/p>\n<ul>\n<li>Diese f\u00fcr den Zweck, f\u00fcr den sie verarbeitet wurden, nicht mehr ben\u00f6tigt werden,<\/li>\n<li>Sie Ihre Einwilligung widerrufen haben und es keine andere Rechtsgrundlage f\u00fcr die Verarbeitung gibt,<\/li>\n<li>Sie gem. Art. 21 DSGVO Widerspruch gegen die Verarbeitung Ihrer Daten eingelegt haben, wir Ihre Daten unrechtm\u00e4\u00dfig verarbeitet haben, <\/li>\n<li>wir Ihre Daten unrechtm\u00e4\u00dfig verarbeitet haben,<\/li>\n<li>die L\u00f6schung zur Erf\u00fcllung einer rechtlichen Verpflichtung nach EU-Recht oder nationalem Recht erforderlich ist.<\/li>\n<\/ul>\n<p>Zu diesem Zweck und\/oder um n\u00e4here Informationen hier\u00fcber zu erhalten, wenden Sie sich an uns \u00fcber fk@wagner-arbitration.com. Sollten Sie Fragen, Kommentare oder Anfragen bez\u00fcglich der Verarbeitung Ihrer personenbezogenen Daten haben, wenden Sie sich bitte ebenfalls an uns unter den angegebenen Kontaktdaten. <\/p>\n<p>&nbsp;<\/p>\n<p>(5) Recht auf Einschr\u00e4nkung der Verarbeitung gem. Art. 18 DSGVO: Sie k\u00f6nnen Ihre personenbezogenen Daten jederzeit kostenlos einsehen und gegebenenfalls deren Sperrung verlangen, wenn: <\/p>\n<ul>\n<li>Sie deren Richtigkeit bestreiten,<\/li>\n<li>die Verarbeitung unrechtm\u00e4\u00dfig ist, Sie aber die L\u00f6schung der Daten ablehnen,<\/li>\n<li>wir die Daten zwar nicht mehr brauchen, Sie diese jedoch f\u00fcr die Geltendmachung, Aus\u00fcbung oder Verteidigung von Rechtsanspr\u00fcchen ben\u00f6tigen,<\/li>\n<li>Sie gem. Art. 21 DSGVO Widerspruch gegen die Verarbeitung Ihrer Daten eingelegt haben, aber noch nicht feststeht, ob unsere Interessen an der Verarbeitung Ihre Interessen \u00fcberwiegen. <\/li>\n<\/ul>\n<p>Zu diesem Zweck und\/oder um n\u00e4here Informationen hier\u00fcber zu erhalten, wenden Sie sich an uns \u00fcber <a href=\"mailto:contact@bitwig.com\">fk@wagner-arbitration.com<\/a>. Sollten Sie Fragen, Kommentare oder Anfragen bez\u00fcglich der Verarbeitung Ihrer personenbezogenen Daten haben, wenden Sie sich bitte ebenfalls an uns unter den angegebenen Kontaktdaten.<\/p>\n<p>(6) Recht auf Daten\u00fcbertragbarkeit gem. Art. 20 DSGVO: Wir sind verpflichtet, Daten, die wir aufgrund Ihrer Einwilligung oder in Erf\u00fcllung eines Vertrags automatisiert verarbeiten, auf Ihr Verlangen in einem portablen und sicheren Format an Sie zu \u00fcbermitteln. Die direkte \u00dcbertragung der Daten an einen anderen Verantwortlichen ist auf Ihr Verlangen hin ebenfalls m\u00f6glich. Sie erfolgt jedoch nur, soweit dies technisch machbar ist. Zu diesem Zweck und\/oder um n\u00e4here Informationen hier\u00fcber zu erhalten, wenden Sie sich an uns \u00fcber fk@wagner-arbitration.com. Sollten Sie Fragen, Kommentare oder Anfragen bez\u00fcglich der Verarbeitung Ihrer personenbezogenen Daten haben, wenden Sie sich bitte ebenfalls an uns unter den angegebenen Kontaktdaten.   <\/p>\n<p>(7) Widerspruchsrecht gem. Art. 21 DSGVO: In den F\u00e4llen, in denen wir Ihre Daten auf der Grundlage von Art. 6 Abs. 1 lit. f DSGVO verarbeiten, haben Sie das Recht, gegen die Verarbeitung Widerspruch einzulegen, soweit daf\u00fcr Gr\u00fcnde vorliegen, die sich aus Ihrer besonderen Situation ergeben oder sich der Widerspruch gegen Direktwerbung richtet. Zu diesem Zweck und\/oder um n\u00e4here Informationen hier\u00fcber zu erhalten, wenden Sie sich an uns \u00fcber fk@wagner-arbitration.com. Sollten Sie Fragen, Kommentare oder Anfragen bez\u00fcglich der Verarbeitung Ihrer personenbezogenen Daten haben, wenden Sie sich bitte ebenfalls an uns unter den angegebenen Kontaktdaten.   <\/p>\n<p>(8) Beschwerderecht gem. Art. 77 DSGVO: Sollten wir gegen datenschutzrechtliche Vorschriften versto\u00dfen haben, k\u00f6nnen Sie sich an die Aufsichtsbeh\u00f6rde des Landes f\u00fcr den Datenschutz im nicht-\u00f6ffentlichen Bereich wenden. Die Zust\u00e4ndigkeit richtet sich nach dem Sitz unseres Unternehmens. F\u00fcr Unternehmen mit Sitz in Berlin ist folgende Stelle die zust\u00e4ndige Aufsichtsbeh\u00f6rde:   <\/p>\n<p>Berliner Beauftragte f\u00fcr Datenschutz und Informationsfreiheit<br \/>\nFriedrichstra\u00dfe 219<br \/>\n10969 Berlin<br \/>\nBesuchereingang: Puttkamer Stra\u00dfe 16 &#8211; 18 (5. Etage)<\/p>\n<p>Telefon: 030\/138 89-0<br \/>\nTelefax: 030\/215 50 50<br \/>\nE-Mail: mailbox@datenschutz-berlin.de<\/p>\n","protected":false},"excerpt":{"rendered":"<p>Ihre Privatsph\u00e4re sowie die Vertraulichkeit Ihrer Daten sind f\u00fcr uns von besonderer Bedeutung. Aus diesem Grund verzichten wir bewusst auf weitreichende Trackingtools und Analysen \u00fcber die Besucher unserer Internetseite. Zugleich erfordert es die Technik, dass bestimmte Daten erhoben und verarbeitet werden, wenn Sie diese Seite besuchen oder mit uns in Kontakt treten. In diesen Datenschutzbestimmungen [&hellip;]<\/p>\n","protected":false},"author":1,"featured_media":0,"parent":0,"menu_order":6,"comment_status":"closed","ping_status":"closed","template":"","meta":{"_acf_changed":false,"footnotes":""},"class_list":["post-17299","page","type-page","status-publish","hentry"],"acf":[],"yoast_head":"<!-- This site is optimized with the Yoast SEO plugin v22.1 - https:\/\/yoast.com\/wordpress\/plugins\/seo\/ -->\n<title>Datenschutzbestimmungen | WAGNER Arbitration Berlin | Dr. Philipp K. Wagner, Dr. Joseph Schwartz<\/title>\n<meta name=\"description\" content=\"Dr. Philipp K. Wagner ist Rechtsanwalt in Berlin, auf Schiedsverfahren und internationales Wirtschaftsrecht spezialisiert und als Mediator qualifiziert.\" \/>\n<meta name=\"robots\" content=\"index, follow, max-snippet:-1, max-image-preview:large, max-video-preview:-1\" \/>\n<link rel=\"canonical\" href=\"https:\/\/wagner-arbitration.com\/de\/datenschutzbestimmungen\/\" \/>\n<meta property=\"og:locale\" content=\"de_DE\" \/>\n<meta property=\"og:type\" content=\"article\" \/>\n<meta property=\"og:title\" content=\"Datenschutzbestimmungen | WAGNER Arbitration Berlin | Dr. Philipp K. Wagner, Dr. Joseph Schwartz\" \/>\n<meta property=\"og:description\" content=\"Dr. Philipp K. Wagner ist Rechtsanwalt in Berlin, auf Schiedsverfahren und internationales Wirtschaftsrecht spezialisiert und als Mediator qualifiziert.\" \/>\n<meta property=\"og:url\" content=\"https:\/\/wagner-arbitration.com\/de\/datenschutzbestimmungen\/\" \/>\n<meta property=\"og:site_name\" content=\"WAGNER Arbitration Berlin | Dr. Philipp K. Wagner, Dr. Joseph Schwartz\" \/>\n<meta property=\"article:modified_time\" content=\"2024-06-28T08:19:24+00:00\" \/>\n<meta property=\"og:image\" content=\"https:\/\/wagner-arbitration.com\/wp-content\/uploads\/2023\/08\/Wagner-Arbitration-Preview.jpg\" \/>\n\t<meta property=\"og:image:width\" content=\"1524\" \/>\n\t<meta property=\"og:image:height\" content=\"1136\" \/>\n\t<meta property=\"og:image:type\" content=\"image\/jpeg\" \/>\n<meta name=\"twitter:card\" content=\"summary_large_image\" \/>\n<meta name=\"twitter:label1\" content=\"Gesch\u00e4tzte Lesezeit\" \/>\n\t<meta name=\"twitter:data1\" content=\"11\u00a0Minuten\" \/>\n<script type=\"application\/ld+json\" class=\"yoast-schema-graph\">{\"@context\":\"https:\/\/schema.org\",\"@graph\":[{\"@type\":\"WebPage\",\"@id\":\"https:\/\/wagner-arbitration.com\/de\/datenschutzbestimmungen\/\",\"url\":\"https:\/\/wagner-arbitration.com\/de\/datenschutzbestimmungen\/\",\"name\":\"Datenschutzbestimmungen | WAGNER Arbitration Berlin | Dr. Philipp K. Wagner, Dr. Joseph Schwartz\",\"isPartOf\":{\"@id\":\"https:\/\/wagner-arbitration.com\/de\/#website\"},\"datePublished\":\"2024-06-18T08:33:00+00:00\",\"dateModified\":\"2024-06-28T08:19:24+00:00\",\"description\":\"Dr. Philipp K. Wagner ist Rechtsanwalt in Berlin, auf Schiedsverfahren und internationales Wirtschaftsrecht spezialisiert und als Mediator qualifiziert.\",\"inLanguage\":\"de\",\"potentialAction\":[{\"@type\":\"ReadAction\",\"target\":[\"https:\/\/wagner-arbitration.com\/de\/datenschutzbestimmungen\/\"]}]},{\"@type\":\"WebSite\",\"@id\":\"https:\/\/wagner-arbitration.com\/de\/#website\",\"url\":\"https:\/\/wagner-arbitration.com\/de\/\",\"name\":\"WAGNER Arbitration Berlin | Dr. Philipp K. Wagner, Dr. Joseph Schwartz\",\"description\":\"Die Rechtsanwaltskanzlei WAGNER Arbitration ist auf Streitbeilegung mit Schwerpunkt Schiedsgerichtsbarkeit sowie Wirtschaftsrecht spezialisiert\",\"publisher\":{\"@id\":\"https:\/\/wagner-arbitration.com\/de\/#organization\"},\"potentialAction\":[{\"@type\":\"SearchAction\",\"target\":{\"@type\":\"EntryPoint\",\"urlTemplate\":\"https:\/\/wagner-arbitration.com\/de\/?s={search_term_string}\"},\"query-input\":\"required name=search_term_string\"}],\"inLanguage\":\"de\"},{\"@type\":\"Organization\",\"@id\":\"https:\/\/wagner-arbitration.com\/de\/#organization\",\"name\":\"WAGNER Arbitration Berlin\",\"url\":\"https:\/\/wagner-arbitration.com\/de\/\",\"logo\":{\"@type\":\"ImageObject\",\"inLanguage\":\"de\",\"@id\":\"https:\/\/wagner-arbitration.com\/de\/#\/schema\/logo\/image\/\",\"url\":\"https:\/\/wagner-arbitration.com\/wp-content\/uploads\/2023\/08\/Wagner-Arbitration-Preview.jpg\",\"contentUrl\":\"https:\/\/wagner-arbitration.com\/wp-content\/uploads\/2023\/08\/Wagner-Arbitration-Preview.jpg\",\"width\":1524,\"height\":1136,\"caption\":\"WAGNER Arbitration Berlin\"},\"image\":{\"@id\":\"https:\/\/wagner-arbitration.com\/de\/#\/schema\/logo\/image\/\"},\"sameAs\":[\"https:\/\/www.linkedin.com\/company\/wagner-arbitration\/?originalSubdomain=de\"]}]}<\/script>\n<!-- \/ Yoast SEO plugin. -->","yoast_head_json":{"title":"Datenschutzbestimmungen | WAGNER Arbitration Berlin | Dr. Philipp K. Wagner, Dr. Joseph Schwartz","description":"Dr. Philipp K. Wagner ist Rechtsanwalt in Berlin, auf Schiedsverfahren und internationales Wirtschaftsrecht spezialisiert und als Mediator qualifiziert.","robots":{"index":"index","follow":"follow","max-snippet":"max-snippet:-1","max-image-preview":"max-image-preview:large","max-video-preview":"max-video-preview:-1"},"canonical":"https:\/\/wagner-arbitration.com\/de\/datenschutzbestimmungen\/","og_locale":"de_DE","og_type":"article","og_title":"Datenschutzbestimmungen | WAGNER Arbitration Berlin | Dr. Philipp K. Wagner, Dr. Joseph Schwartz","og_description":"Dr. Philipp K. Wagner ist Rechtsanwalt in Berlin, auf Schiedsverfahren und internationales Wirtschaftsrecht spezialisiert und als Mediator qualifiziert.","og_url":"https:\/\/wagner-arbitration.com\/de\/datenschutzbestimmungen\/","og_site_name":"WAGNER Arbitration Berlin | Dr. Philipp K. Wagner, Dr. Joseph Schwartz","article_modified_time":"2024-06-28T08:19:24+00:00","og_image":[{"width":1524,"height":1136,"url":"https:\/\/wagner-arbitration.com\/wp-content\/uploads\/2023\/08\/Wagner-Arbitration-Preview.jpg","type":"image\/jpeg"}],"twitter_card":"summary_large_image","twitter_misc":{"Gesch\u00e4tzte Lesezeit":"11\u00a0Minuten"},"schema":{"@context":"https:\/\/schema.org","@graph":[{"@type":"WebPage","@id":"https:\/\/wagner-arbitration.com\/de\/datenschutzbestimmungen\/","url":"https:\/\/wagner-arbitration.com\/de\/datenschutzbestimmungen\/","name":"Datenschutzbestimmungen | WAGNER Arbitration Berlin | Dr. Philipp K. Wagner, Dr. Joseph Schwartz","isPartOf":{"@id":"https:\/\/wagner-arbitration.com\/de\/#website"},"datePublished":"2024-06-18T08:33:00+00:00","dateModified":"2024-06-28T08:19:24+00:00","description":"Dr. Philipp K. Wagner ist Rechtsanwalt in Berlin, auf Schiedsverfahren und internationales Wirtschaftsrecht spezialisiert und als Mediator qualifiziert.","inLanguage":"de","potentialAction":[{"@type":"ReadAction","target":["https:\/\/wagner-arbitration.com\/de\/datenschutzbestimmungen\/"]}]},{"@type":"WebSite","@id":"https:\/\/wagner-arbitration.com\/de\/#website","url":"https:\/\/wagner-arbitration.com\/de\/","name":"WAGNER Arbitration Berlin | Dr. Philipp K. Wagner, Dr. Joseph Schwartz","description":"Die Rechtsanwaltskanzlei WAGNER Arbitration ist auf Streitbeilegung mit Schwerpunkt Schiedsgerichtsbarkeit sowie Wirtschaftsrecht spezialisiert","publisher":{"@id":"https:\/\/wagner-arbitration.com\/de\/#organization"},"potentialAction":[{"@type":"SearchAction","target":{"@type":"EntryPoint","urlTemplate":"https:\/\/wagner-arbitration.com\/de\/?s={search_term_string}"},"query-input":"required name=search_term_string"}],"inLanguage":"de"},{"@type":"Organization","@id":"https:\/\/wagner-arbitration.com\/de\/#organization","name":"WAGNER Arbitration Berlin","url":"https:\/\/wagner-arbitration.com\/de\/","logo":{"@type":"ImageObject","inLanguage":"de","@id":"https:\/\/wagner-arbitration.com\/de\/#\/schema\/logo\/image\/","url":"https:\/\/wagner-arbitration.com\/wp-content\/uploads\/2023\/08\/Wagner-Arbitration-Preview.jpg","contentUrl":"https:\/\/wagner-arbitration.com\/wp-content\/uploads\/2023\/08\/Wagner-Arbitration-Preview.jpg","width":1524,"height":1136,"caption":"WAGNER Arbitration Berlin"},"image":{"@id":"https:\/\/wagner-arbitration.com\/de\/#\/schema\/logo\/image\/"},"sameAs":["https:\/\/www.linkedin.com\/company\/wagner-arbitration\/?originalSubdomain=de"]}]}},"_links":{"self":[{"href":"https:\/\/wagner-arbitration.com\/de\/wp-json\/wp\/v2\/pages\/17299","targetHints":{"allow":["GET"]}}],"collection":[{"href":"https:\/\/wagner-arbitration.com\/de\/wp-json\/wp\/v2\/pages"}],"about":[{"href":"https:\/\/wagner-arbitration.com\/de\/wp-json\/wp\/v2\/types\/page"}],"author":[{"embeddable":true,"href":"https:\/\/wagner-arbitration.com\/de\/wp-json\/wp\/v2\/users\/1"}],"replies":[{"embeddable":true,"href":"https:\/\/wagner-arbitration.com\/de\/wp-json\/wp\/v2\/comments?post=17299"}],"version-history":[{"count":0,"href":"https:\/\/wagner-arbitration.com\/de\/wp-json\/wp\/v2\/pages\/17299\/revisions"}],"wp:attachment":[{"href":"https:\/\/wagner-arbitration.com\/de\/wp-json\/wp\/v2\/media?parent=17299"}],"curies":[{"name":"wp","href":"https:\/\/api.w.org\/{rel}","templated":true}]}}